{"id":5900,"date":"2023-02-20T11:04:48","date_gmt":"2023-02-20T10:04:48","guid":{"rendered":"https:\/\/genevensis.com\/expertise\/"},"modified":"2023-06-19T09:17:15","modified_gmt":"2023-06-19T07:17:15","slug":"expertise","status":"publish","type":"page","link":"https:\/\/genevensis.com\/fr\/expertise\/","title":{"rendered":"Our expertise"},"content":{"rendered":"<p>[et_pb_section fb_built=\u00a0\u00bb1&Prime; _builder_version=\u00a0\u00bb4.9.0&Prime; _module_preset=\u00a0\u00bbdefault\u00a0\u00bb custom_padding=\u00a0\u00bb0px||0px||false|false\u00a0\u00bb][et_pb_row column_structure=\u00a0\u00bb1_2,1_2&Prime; make_equal=\u00a0\u00bbon\u00a0\u00bb _builder_version=\u00a0\u00bb4.9.0&Prime; _module_preset=\u00a0\u00bbdefault\u00a0\u00bb background_image=\u00a0\u00bbhttps:\/\/genevensis.com\/wp-content\/uploads\/2023\/02\/samuel-ferrara-1527pjeb6jg-unsplash-scaled.jpg\u00a0\u00bb width=\u00a0\u00bb100%\u00a0\u00bb max_width=\u00a0\u00bb100%\u00a0\u00bb custom_margin=\u00a0\u00bb0px||0px||false|false\u00a0\u00bb custom_padding=\u00a0\u00bb0px||0px||false|false\u00a0\u00bb][et_pb_column type=\u00a0\u00bb1_2&Prime; _builder_version=\u00a0\u00bb4.9.0&Prime; _module_preset=\u00a0\u00bbdefault\u00a0\u00bb][et_pb_text _builder_version=\u00a0\u00bb4.9.0&Prime; _module_preset=\u00a0\u00bbdefault\u00a0\u00bb text_font_size=\u00a0\u00bb15px\u00a0\u00bb header_line_height=\u00a0\u00bb1.5em\u00a0\u00bb background_color=\u00a0\u00bbrgba(13,97,141,0.82)\u00a0\u00bb module_alignment=\u00a0\u00bbcenter\u00a0\u00bb custom_margin=\u00a0\u00bb95px||95px||false|false\u00a0\u00bb custom_margin_tablet=\u00a0\u00bb\u00a0\u00bb custom_margin_phone=\u00a0\u00bb25px||25px||false|false\u00a0\u00bb custom_margin_last_edited=\u00a0\u00bbon|phone\u00a0\u00bb custom_padding=\u00a0\u00bb10px||10px|5em|false|false\u00a0\u00bb custom_padding_tablet=\u00a0\u00bb\u00a0\u00bb custom_padding_phone=\u00a0\u00bb10px||10px|0em|false|false\u00a0\u00bb custom_padding_last_edited=\u00a0\u00bbon|phone\u00a0\u00bb]<\/p>\n<h1 style=\"text-align: center;\"><span style=\"color: #ffffff;\">Notre expertise<\/span><\/h1>\n<p>[\/et_pb_text][\/et_pb_column][et_pb_column type=\u00a0\u00bb1_2&Prime; _builder_version=\u00a0\u00bb4.9.0&Prime; _module_preset=\u00a0\u00bbdefault\u00a0\u00bb][\/et_pb_column][\/et_pb_row][\/et_pb_section][et_pb_section fb_built=\u00a0\u00bb1&Prime; admin_label=\u00a0\u00bbService Section\u00a0\u00bb _builder_version=\u00a0\u00bb4.9.0&Prime; background_image=\u00a0\u00bbhttps:\/\/genevensis.com\/wp-content\/uploads\/2021\/05\/logo-image-gris2-2.png\u00a0\u00bb background_size=\u00a0\u00bbinitial\u00a0\u00bb background_position=\u00a0\u00bbtop_left\u00a0\u00bb custom_margin=\u00a0\u00bb|||\u00a0\u00bb custom_padding=\u00a0\u00bb||||false|false\u00a0\u00bb animation_style=\u00a0\u00bbfade\u00a0\u00bb][et_pb_row admin_label=\u00a0\u00bbQuote\u00a0\u00bb _builder_version=\u00a0\u00bb4.9.0&Prime; background_size=\u00a0\u00bbinitial\u00a0\u00bb background_position=\u00a0\u00bbtop_left\u00a0\u00bb background_repeat=\u00a0\u00bbrepeat\u00a0\u00bb width=\u00a0\u00bb90%\u00a0\u00bb max_width=\u00a0\u00bb900px\u00a0\u00bb][et_pb_column type=\u00a0\u00bb4_4&Prime; _builder_version=\u00a0\u00bb3.25&Prime; custom_padding=\u00a0\u00bb|||\u00a0\u00bb custom_padding__hover=\u00a0\u00bb|||\u00a0\u00bb][et_pb_text admin_label=\u00a0\u00bbQuote\u00a0\u00bb _builder_version=\u00a0\u00bb4.9.0&Prime; text_text_color=\u00a0\u00bb#747d88&Prime; text_font_size=\u00a0\u00bb16px\u00a0\u00bb text_line_height=\u00a0\u00bb1.8em\u00a0\u00bb background_size=\u00a0\u00bbinitial\u00a0\u00bb background_position=\u00a0\u00bbtop_left\u00a0\u00bb background_repeat=\u00a0\u00bbrepeat\u00a0\u00bb text_orientation=\u00a0\u00bbcenter\u00a0\u00bb module_alignment=\u00a0\u00bbcenter\u00a0\u00bb custom_margin=\u00a0\u00bb|0px||0px|false|false\u00a0\u00bb custom_padding=\u00a0\u00bb|0px||0px|false|false\u00a0\u00bb animation_direction=\u00a0\u00bbtop\u00a0\u00bb]<\/p>\n<p style=\"text-align: center;\"><strong>Genevensis se concentre sur la transition entre le travail r\u00e9mun\u00e9r\u00e9 et la vie apr\u00e8s le travail. Nous travaillons avec des mod\u00e9rateurs et des mentors qualifi\u00e9s.<\/strong><\/p>\n<p style=\"text-align: center;\">Tout ce que nous faisons est orient\u00e9 vers l&rsquo;obtention d&rsquo;un r\u00e9sultat au mieux des int\u00e9r\u00eats de nos clients. Notre \u00e9quipe est tr\u00e8s motiv\u00e9e, exp\u00e9riment\u00e9e et a fait ses preuves dans le domaine de la mod\u00e9ration et de l&rsquo;animation. <\/p>\n<p style=\"text-align: center;\"> Nous pouvons organiser des sessions individuelles ou des sessions de groupe, selon les besoins. <\/p>\n<p>[\/et_pb_text][\/et_pb_column][\/et_pb_row][\/et_pb_section][et_pb_section fb_built=\u00a0\u00bb1&Prime; module_id=\u00a0\u00bbbuilding\u00a0\u00bb _builder_version=\u00a0\u00bb4.9.0&Prime; _module_preset=\u00a0\u00bbdefault\u00a0\u00bb custom_padding=\u00a0\u00bb0px||70px||false|false\u00a0\u00bb][et_pb_row column_structure=\u00a0\u00bb1_2,1_2&Prime; make_equal=\u00a0\u00bbon\u00a0\u00bb _builder_version=\u00a0\u00bb4.9.0&Prime; _module_preset=\u00a0\u00bbdefault\u00a0\u00bb background_image=\u00a0\u00bbhttps:\/\/genevensis.com\/wp-content\/uploads\/2022\/05\/cercle-de-legs-1.jpg\u00a0\u00bb custom_margin=\u00a0\u00bb0px||0px||false|false\u00a0\u00bb custom_padding=\u00a0\u00bb0px||0px||false|false\u00a0\u00bb][et_pb_column type=\u00a0\u00bb1_2&Prime; _builder_version=\u00a0\u00bb4.9.0&Prime; _module_preset=\u00a0\u00bbdefault\u00a0\u00bb][et_pb_text _builder_version=\u00a0\u00bb4.9.0&Prime; _module_preset=\u00a0\u00bbdefault\u00a0\u00bb text_text_color=\u00a0\u00bb#FFFFFF\u00a0\u00bb text_font_size=\u00a0\u00bb15px\u00a0\u00bb header_line_height=\u00a0\u00bb1.5em\u00a0\u00bb background_color=\u00a0\u00bbrgba(13,97,141,0.82)\u00a0\u00bb module_alignment=\u00a0\u00bbcenter\u00a0\u00bb min_height=\u00a0\u00bb410px\u00a0\u00bb custom_padding=\u00a0\u00bb5em|5em|5em|5em|false|false\u00a0\u00bb custom_padding_tablet=\u00a0\u00bb\u00a0\u00bb custom_padding_phone=\u00a0\u00bb2em|2em|2em|2em|false|false\u00a0\u00bb custom_padding_last_edited=\u00a0\u00bbon|phone\u00a0\u00bb]<\/p>\n<h1 style=\"text-align: left;\"><strong><\/strong><\/h1>\n<h1 style=\"text-align: left;\"><strong><span style=\"color: #ffffff;\"><\/span><\/strong><\/h1>\n<h1 style=\"text-align: left;\"><strong><span style=\"color: #ffffff;\"><\/span><\/strong><\/h1>\n<h2 style=\"text-align: left;\"><strong><span style=\"color: #ffffff;\"> Cercle de Legs \u00a9<\/span><\/strong><\/h2>\n<p><span style=\"font-size: 16px;\"><span>Nous sommes des animateurs qualifi\u00e9s pour le Cercle de Legs qui peuvent travailler en anglais et en fran\u00e7ais. Le Cercle de Legs est un groupe de discussion qui utilise des techniques du cerveau gauche et du cerveau droit pour cr\u00e9er un plan pour vous-m\u00eame, en utilisant vos propres id\u00e9es et celles du groupe.<br \/>\n<\/span><\/span><\/p>\n<h1 style=\"text-align: left;\"><span style=\"color: #ffffff;\"><strong><\/strong><\/span><\/h1>\n<h1 style=\"text-align: left;\"><span style=\"color: #ffffff;\"><strong><\/strong><\/span><\/h1>\n<p>[\/et_pb_text][\/et_pb_column][et_pb_column type=\u00a0\u00bb1_2&Prime; _builder_version=\u00a0\u00bb4.9.0&Prime; _module_preset=\u00a0\u00bbdefault\u00a0\u00bb][\/et_pb_column][\/et_pb_row][et_pb_row make_equal=\u00a0\u00bbon\u00a0\u00bb _builder_version=\u00a0\u00bb4.9.0&Prime; _module_preset=\u00a0\u00bbdefault\u00a0\u00bb background_enable_image=\u00a0\u00bboff\u00a0\u00bb custom_margin=\u00a0\u00bb0px||0px||false|false\u00a0\u00bb custom_padding=\u00a0\u00bb0px||0px||false|false\u00a0\u00bb animation_style=\u00a0\u00bbfade\u00a0\u00bb][et_pb_column type=\u00a0\u00bb4_4&Prime; _builder_version=\u00a0\u00bb4.9.0&Prime; _module_preset=\u00a0\u00bbdefault\u00a0\u00bb][et_pb_text _builder_version=\u00a0\u00bb4.9.0&Prime; _module_preset=\u00a0\u00bbdefault\u00a0\u00bb text_font_size=\u00a0\u00bb15px\u00a0\u00bb header_line_height=\u00a0\u00bb1.5em\u00a0\u00bb background_color=\u00a0\u00bb#377697&Prime; module_alignment=\u00a0\u00bbcenter\u00a0\u00bb custom_padding=\u00a0\u00bb1em|3em|0.6em|3em|false|false\u00a0\u00bb]<\/p>\n<h5 style=\"text-align: right;\"><a href=\"https:\/\/genevensis.com\/fr\/career-legacy-circle\/\" target=\"_blank\" rel=\"noopener\"><strong><span style=\"color: #ffffff;\">En savoir plus &gt;<\/span><\/strong><\/a><\/h5>\n<p>[\/et_pb_text][\/et_pb_column][\/et_pb_row][\/et_pb_section][et_pb_section fb_built=\u00a0\u00bb1&Prime; module_id=\u00a0\u00bb5085&Prime; _builder_version=\u00a0\u00bb4.9.0&Prime; _module_preset=\u00a0\u00bbdefault\u00a0\u00bb custom_padding=\u00a0\u00bb0px||80px||false|false\u00a0\u00bb][et_pb_row column_structure=\u00a0\u00bb1_2,1_2&Prime; make_equal=\u00a0\u00bbon\u00a0\u00bb _builder_version=\u00a0\u00bb4.9.0&Prime; _module_preset=\u00a0\u00bbdefault\u00a0\u00bb background_image=\u00a0\u00bbhttps:\/\/genevensis.com\/wp-content\/uploads\/2023\/06\/retraite-couple.jpg\u00a0\u00bb custom_margin=\u00a0\u00bb0px||0px||false|false\u00a0\u00bb custom_padding=\u00a0\u00bb0px||0px||false|false\u00a0\u00bb animation_direction=\u00a0\u00bbright\u00a0\u00bb hover_enabled=\u00a0\u00bb0&Prime; title_text=\u00a0\u00bbAsian,Couple,Senior,Elder,Retire,Resting,Embrace,At,Sunset,Beach\u00a0\u00bb sticky_enabled=\u00a0\u00bb0&Prime;][et_pb_column type=\u00a0\u00bb1_2&Prime; _builder_version=\u00a0\u00bb4.9.0&Prime; _module_preset=\u00a0\u00bbdefault\u00a0\u00bb][\/et_pb_column][et_pb_column type=\u00a0\u00bb1_2&Prime; _builder_version=\u00a0\u00bb4.9.0&Prime; _module_preset=\u00a0\u00bbdefault\u00a0\u00bb][et_pb_text _builder_version=\u00a0\u00bb4.9.0&Prime; _module_preset=\u00a0\u00bbdefault\u00a0\u00bb text_text_color=\u00a0\u00bb#FFFFFF\u00a0\u00bb text_font_size=\u00a0\u00bb15px\u00a0\u00bb header_line_height=\u00a0\u00bb1.5em\u00a0\u00bb background_color=\u00a0\u00bbrgba(148,202,76,0.82)\u00a0\u00bb module_alignment=\u00a0\u00bbcenter\u00a0\u00bb min_height=\u00a0\u00bb410px\u00a0\u00bb custom_padding=\u00a0\u00bb5em|5em|5em|5em|false|false\u00a0\u00bb custom_padding_tablet=\u00a0\u00bb\u00a0\u00bb custom_padding_phone=\u00a0\u00bb2em|2em|2em|2em|false|false\u00a0\u00bb custom_padding_last_edited=\u00a0\u00bbon|phone\u00a0\u00bb]<\/p>\n<h1 style=\"text-align: left;\"><strong><\/strong><\/h1>\n<h1 style=\"text-align: left;\"><strong><span style=\"color: #ffffff;\"><\/span><\/strong><\/h1>\n<h1 style=\"text-align: left;\"><strong><span style=\"color: #ffffff;\"><\/span><\/strong><\/h1>\n<h2 style=\"text-align: left;\"><strong><span style=\"color: #ffffff;\">5085<\/span><\/strong><\/h2>\n<p><span style=\"font-size: 16px;\"><span> Nous vous accompagnons tout au long d&rsquo;un parcours individuel pour vous aider \u00e0 d\u00e9finir votre vision et vos valeurs pour votre quatri\u00e8me chapitre, la vie apr\u00e8s le travail r\u00e9mun\u00e9r\u00e9. En partie en ligne et en partie hors ligne, vous d\u00e9terminez votre rythme. Le r\u00e9sultat est un plan pour vos prochaines ann\u00e9es, afin d&rsquo;atteindre une trajectoire de vie significative et \u00e9panouissante.<\/span><\/span><\/p>\n<p><span style=\"font-size: 16px;\"><span><img loading=\"lazy\" decoding=\"async\" src=\"https:\/\/genevensis.com\/wp-content\/uploads\/2023\/03\/logo_transp-300x275.png\" width=\"125\" height=\"115\" alt=\"\" class=\"wp-image-5565 alignnone size-medium\" \/><\/span><\/span><\/p>\n<h1 style=\"text-align: left;\"><span style=\"color: #ffffff;\"><strong><\/strong><\/span><\/h1>\n<h1 style=\"text-align: left;\"><span style=\"color: #ffffff;\"><strong><\/strong><\/span><\/h1>\n<p>[\/et_pb_text][\/et_pb_column][\/et_pb_row][et_pb_row make_equal=\u00a0\u00bbon\u00a0\u00bb _builder_version=\u00a0\u00bb4.9.0&Prime; _module_preset=\u00a0\u00bbdefault\u00a0\u00bb background_enable_image=\u00a0\u00bboff\u00a0\u00bb custom_margin=\u00a0\u00bb0px||0px||false|false\u00a0\u00bb custom_padding=\u00a0\u00bb0px||0px||false|false\u00a0\u00bb animation_style=\u00a0\u00bbfade\u00a0\u00bb][et_pb_column type=\u00a0\u00bb4_4&Prime; _builder_version=\u00a0\u00bb4.9.0&Prime; _module_preset=\u00a0\u00bbdefault\u00a0\u00bb][et_pb_text _builder_version=\u00a0\u00bb4.9.0&Prime; _module_preset=\u00a0\u00bbdefault\u00a0\u00bb text_font_size=\u00a0\u00bb15px\u00a0\u00bb header_line_height=\u00a0\u00bb1.5em\u00a0\u00bb background_color=\u00a0\u00bbrgba(103,163,68,0.84)\u00a0\u00bb module_alignment=\u00a0\u00bbcenter\u00a0\u00bb custom_padding=\u00a0\u00bb1em|3em|0.6em|3em|false|false\u00a0\u00bb]<\/p>\n<h5 style=\"text-align: left;\"><a href=\"https:\/\/genevensis.com\/fr\/contact-new\/\"><strong><span style=\"color: #ffffff;\">En d\u00e9veloppement<\/span><\/strong><\/a><\/h5>\n<p>[\/et_pb_text][\/et_pb_column][\/et_pb_row][\/et_pb_section][et_pb_section fb_built=\u00a0\u00bb1&Prime; module_id=\u00a0\u00bbcrisis\u00a0\u00bb _builder_version=\u00a0\u00bb4.9.0&Prime; _module_preset=\u00a0\u00bbdefault\u00a0\u00bb custom_padding=\u00a0\u00bb0px||70px||false|false\u00a0\u00bb][et_pb_row column_structure=\u00a0\u00bb1_2,1_2&Prime; make_equal=\u00a0\u00bbon\u00a0\u00bb _builder_version=\u00a0\u00bb4.9.0&Prime; _module_preset=\u00a0\u00bbdefault\u00a0\u00bb background_image=\u00a0\u00bbhttps:\/\/genevensis.com\/wp-content\/uploads\/2023\/06\/moderation-group-work.jpg\u00a0\u00bb custom_margin=\u00a0\u00bb0px||0px||false|false\u00a0\u00bb custom_padding=\u00a0\u00bb0px||0px||false|false\u00a0\u00bb hover_enabled=\u00a0\u00bb0&Prime; title_text=\u00a0\u00bbSenior,Female,Ceo,And,Happy,Multicultural,Business,People,Discussing,Company\u00a0\u00bb sticky_enabled=\u00a0\u00bb0&Prime;][et_pb_column type=\u00a0\u00bb1_2&Prime; _builder_version=\u00a0\u00bb4.9.0&Prime; _module_preset=\u00a0\u00bbdefault\u00a0\u00bb][et_pb_text _builder_version=\u00a0\u00bb4.9.0&Prime; _module_preset=\u00a0\u00bbdefault\u00a0\u00bb text_font_size=\u00a0\u00bb15px\u00a0\u00bb header_line_height=\u00a0\u00bb1.5em\u00a0\u00bb background_color=\u00a0\u00bbrgba(13,97,141,0.82)\u00a0\u00bb module_alignment=\u00a0\u00bbcenter\u00a0\u00bb min_height=\u00a0\u00bb410px\u00a0\u00bb custom_padding=\u00a0\u00bb5em|5em|5em|5em|false|false\u00a0\u00bb custom_padding_tablet=\u00a0\u00bb\u00a0\u00bb custom_padding_phone=\u00a0\u00bb2em|2em|2em|2em|false|false\u00a0\u00bb custom_padding_last_edited=\u00a0\u00bbon|phone\u00a0\u00bb]<\/p>\n<h1 style=\"text-align: left;\"><strong><\/strong><\/h1>\n<h1 style=\"text-align: left;\"><strong><span style=\"color: #ffffff;\"><\/span><\/strong><\/h1>\n<h1 style=\"text-align: left;\"><strong><span style=\"color: #ffffff;\"><\/span><\/strong><\/h1>\n<h2 style=\"text-align: left;\"><strong><span style=\"color: #ffffff;\"> Mod\u00e9ration et travail en groupe <\/span><\/strong><\/h2>\n<p><span style=\"color: #ffffff; font-size: 16px;\"><span> Le recours \u00e0 un consultant externe pour aider \u00e0 l&rsquo;\u00e9laboration de strat\u00e9gies et de processus peut \u00eatre un moyen neutre et rentable d&rsquo;obtenir des r\u00e9sultats. Nous disposons de mod\u00e9rateurs exp\u00e9riment\u00e9s qui peuvent g\u00e9rer des groupes de petite ou de grande taille en fonction des r\u00e9sultats escompt\u00e9s. Nous avons aid\u00e9 avec succ\u00e8s de nombreuses organisations dans leur planification et leur processus de r\u00e9flexion. Notre \u00e9quipe a travaill\u00e9 avec des organismes gouvernementaux, des organisations internationales et des organisations non gouvernementales (ONG) dans le secteur des soins de sant\u00e9. <\/span><\/span><\/p>\n<h1 style=\"text-align: left;\"><span style=\"color: #ffffff;\"><strong><\/strong><\/span><\/h1>\n<h1 style=\"text-align: left;\"><span style=\"color: #ffffff;\"><strong><\/strong><\/span><\/h1>\n<p>[\/et_pb_text][\/et_pb_column][et_pb_column type=\u00a0\u00bb1_2&Prime; _builder_version=\u00a0\u00bb4.9.0&Prime; _module_preset=\u00a0\u00bbdefault\u00a0\u00bb][\/et_pb_column][\/et_pb_row][et_pb_row make_equal=\u00a0\u00bbon\u00a0\u00bb _builder_version=\u00a0\u00bb4.9.0&Prime; _module_preset=\u00a0\u00bbdefault\u00a0\u00bb background_enable_image=\u00a0\u00bboff\u00a0\u00bb custom_margin=\u00a0\u00bb0px||0px||false|false\u00a0\u00bb custom_padding=\u00a0\u00bb0px||0px||false|false\u00a0\u00bb animation_style=\u00a0\u00bbfade\u00a0\u00bb][et_pb_column type=\u00a0\u00bb4_4&Prime; _builder_version=\u00a0\u00bb4.9.0&Prime; _module_preset=\u00a0\u00bbdefault\u00a0\u00bb][et_pb_text _builder_version=\u00a0\u00bb4.9.0&Prime; _module_preset=\u00a0\u00bbdefault\u00a0\u00bb text_font_size=\u00a0\u00bb15px\u00a0\u00bb header_line_height=\u00a0\u00bb1.5em\u00a0\u00bb background_color=\u00a0\u00bb#377697&Prime; module_alignment=\u00a0\u00bbcenter\u00a0\u00bb custom_padding=\u00a0\u00bb1em|3em|0.6em|3em|false|false\u00a0\u00bb]<\/p>\n<h5 style=\"text-align: right;\"><a href=\"https:\/\/genevensis.com\/fr\/moderation-and-group-work\/\"><strong><span style=\"color: #ffffff;\">En savoir plus<\/span><\/strong><\/a><\/h5>\n<p>[\/et_pb_text][\/et_pb_column][\/et_pb_row][\/et_pb_section]<\/p>\n","protected":false},"excerpt":{"rendered":"<p>Notre expertiseGenevensis se concentre sur la transition entre le travail r\u00e9mun\u00e9r\u00e9 et la vie apr\u00e8s le travail. Nous travaillons avec des mod\u00e9rateurs et des mentors qualifi\u00e9s. Tout ce que nous faisons est orient\u00e9 vers l&rsquo;obtention d&rsquo;un r\u00e9sultat au mieux des int\u00e9r\u00eats de nos clients. Notre \u00e9quipe est tr\u00e8s motiv\u00e9e, exp\u00e9riment\u00e9e et a fait ses preuves [&hellip;]<\/p>\n","protected":false},"author":1,"featured_media":0,"parent":0,"menu_order":0,"comment_status":"closed","ping_status":"closed","template":"","meta":{"_et_pb_use_builder":"on","_et_pb_old_content":"","_et_gb_content_width":"","footnotes":""},"class_list":["post-5900","page","type-page","status-publish","hentry"],"_links":{"self":[{"href":"https:\/\/genevensis.com\/fr\/wp-json\/wp\/v2\/pages\/5900","targetHints":{"allow":["GET"]}}],"collection":[{"href":"https:\/\/genevensis.com\/fr\/wp-json\/wp\/v2\/pages"}],"about":[{"href":"https:\/\/genevensis.com\/fr\/wp-json\/wp\/v2\/types\/page"}],"author":[{"embeddable":true,"href":"https:\/\/genevensis.com\/fr\/wp-json\/wp\/v2\/users\/1"}],"replies":[{"embeddable":true,"href":"https:\/\/genevensis.com\/fr\/wp-json\/wp\/v2\/comments?post=5900"}],"version-history":[{"count":6,"href":"https:\/\/genevensis.com\/fr\/wp-json\/wp\/v2\/pages\/5900\/revisions"}],"predecessor-version":[{"id":6464,"href":"https:\/\/genevensis.com\/fr\/wp-json\/wp\/v2\/pages\/5900\/revisions\/6464"}],"wp:attachment":[{"href":"https:\/\/genevensis.com\/fr\/wp-json\/wp\/v2\/media?parent=5900"}],"curies":[{"name":"wp","href":"https:\/\/api.w.org\/{rel}","templated":true}]}}